{"id":8,"date":"2018-12-06T04:09:19","date_gmt":"2018-12-06T04:09:19","guid":{"rendered":"http:\/\/lodosgallery.info\/wordpress\/index.php\/press\/"},"modified":"2025-06-25T11:01:19","modified_gmt":"2025-06-25T11:01:19","slug":"press","status":"publish","type":"page","link":"https:\/\/lodosgallery.info\/es\/press\/","title":{"rendered":"Press"},"content":{"rendered":"<p class=\"qtranxs-available-languages-message qtranxs-available-languages-message-es\">Disculpa, pero esta entrada est\u00e1 disponible s\u00f3lo en <a href=\"https:\/\/lodosgallery.info\/en\/wp-json\/wp\/v2\/pages\/8\" class=\"qtranxs-available-language-link qtranxs-available-language-link-en\" title=\"En\">En<\/a>. For the sake of viewer convenience, the content is shown below in the alternative language. You may click the link to switch the active language.<\/p><p> <a href=\"https:\/\/impulsemagazine.com\/symposium\/roman-saturnio-aqui-no-es-asi-pwbmk-c2472\" target=\"_blank\" rel=\"noopener\">Impulse Magazine, \u00abRam\u00f3n Saturnino: Aqu\u00ed no es as\u00ed\u00bb, By Lodoe Laura, April 22, 2025.<\/a><\/p>\n<p><a href=\"https:\/\/www.contemporaryartdaily.com\/project\/samuel-guerrero-at-lodos-mexico-city-48306\" target=\"_blank\" rel=\"noopener\">Contemporary Art Daily, \u00abSamuel Guerrero at Lodos\u00bb, March 5, 2025.<\/a><\/p>\n<p><a href=\"https:\/\/ondamx.art\/es\/cdmx\/escrito\/samuel-guerrero-en-lodos-eVxRYbknPJR1Jglixdgc\" target=\"_blank\" rel=\"noopener\">Onda Mx, \u00abHiperpar\u00e9ntesis. Samuel Guerrero en Lodos\u00bb, By Juli\u00e1n Madero Islas, February 20, 2025.<\/a><\/p>\n<p><a href=\"https:\/\/www.artnews.com\/art-news\/artists\/new-mexican-art-artists-dealers-mexico-city-material-salon-acme-1234731996\/\" target=\"_blank\" rel=\"noopener\">Art News, \u00abRising Mexican Artists and Dealers Impress During Mexico City Art Week\u00bb, By Harrison Jacobs, February 10, 2025.<\/a><\/p>\n<p><a href=\"https:\/\/www.theartnewspaper.com\/2025\/02\/07\/material-salon-acme-mexico-city-art-week-zona-maco-satellite-fairs\" target=\"_blank\" rel=\"noopener\">The Art Newspaper, \u00bb At Mexico City&#8217;s Material and Sal\u00f3n Acme, artist go out on a limb\u00bb, By Benjamin Sutton, February 8, 2025.<\/a><\/p>\n<p><a href=\"https:\/\/observer.com\/2025\/02\/material-art-fair-salon-acme-open-early-sales\/\" target=\"_blank\" rel=\"noopener\">Observer, \u00abFeria Material opens to enthusiastic crowds\u00bb, By Elisa Carollo, February 7, 2025.\u00bb<\/a><\/p>\n<p><a href=\"https:\/\/elephant.art\/what-newton-knows-about-the-impermanence-of-the-flesh-el-muerto-at-lodos\/\">Elephant.art, \u00abWhat Newton Knows About the Impermanence of the Flesh: El Muerto at Lodos\u00bb, By Fabiola Talavera, March 7, 2024.<\/a><\/p>\n<p><a href=\"https:\/\/artishockrevista.com\/2024\/02\/13\/newton-un-indecente-joven-escultor\/\">Artishock, \u00abNewton, un indecente jove escultor\u00bb, By Jes\u00fas Toravilla, February 13, 2024.<\/a><\/p>\n<p><a href=\"https:\/\/www.artnews.com\/list\/art-news\/market\/material-art-fair-2024-best-booths-1234695743\/\">ArtNews, \u00abThe Best Booths at Mexico City&#8217;s Material Art Fair\u00bb, By Maximil\u00edano Dur\u00f3n, February 9, 2024.<\/a><\/p>\n<p><a href=\"https:\/\/www.artnews.com\/list\/art-news\/artists\/mexico-city-gallery-shows-to-see-february-1234695185\/\" target=\"_blank\" rel=\"noopener\">ArtNews, \u00ab5 Shows to See in Mexico City This Week during Zona Maco\u00bb, By Kim Cord\u00f3va, February 6, 2024.<\/a><\/p>\n<p><a href=\"https:\/\/artreview.com\/laura-langer-execution-ejecucion-lodos-mexico-city-review\/\" target=\"_blank\" rel=\"noopener\">ArtReview, \u00abLaura Langer&#8217;s Human Puzzles\u00bb, By Gaby Cepeda, January 23, 2024.<\/a><\/p>\n<p><a href=\"https:\/\/www.contemporaryartdaily.com\/project\/noah-barker-at-lodos-cologne-30552\" target=\"_blank\" rel=\"noopener\">Contemporary Art Daily, \u00abNoah Barker at Lodos\u00bb, December 16, 2023.<\/a><\/p>\n<p><a href=\"https:\/\/www.numero.com\/fr\/art\/foire-paris-internationale-zoe-williams-bruno-zhu-angelika-loderer\" target=\"_blank\" rel=\"noopener\">Num\u00e9ro. \u00abLes \u0153uvres d&#8217;art immanquables de la foire Paris Internationale: Emanuele Marcuccio\u00bb, By Matthieu Jaquet, October 20, 2023.<\/a><\/p>\n<p><a href=\"https:\/\/www.artnews.com\/list\/art-news\/market\/paris-internationale-2023-best-booths-1234683222\/emanuele-marcuccio-at-lodos\/\" target=\"_blank\" rel=\"noopener\">Artnews. \u00abThe Best Booths at Paris Internationale: Emanuele Marcuccio at Lodos\u00bb, By Maximil\u00edano Dur\u00f3n, October 18, 2023.<\/a><\/p>\n<p><a href=\"https:\/\/www.artnews.com\/list\/art-news\/market\/liste-art-fair-basel-2023-best-booths-1234671172\/mina-squalli-houssaini-at-lodos\/\" target=\"_blank\" rel=\"noopener\">Artnews. \u00abBest Booths at Liste: Mina Squalli-Houss\u00e4ini at Lodos\u00bb, By Maximil\u00edano Dur\u00f3n, June 13, 2023.<\/a><\/p>\n<p><a href=\"https:\/\/www.ondamx.art\/en\/escrito\/Mina%20Squalli-Houssa%C3%AFni%20en%20Lodos%3A%20i%E2%80%99m%20sorry%20for%20bugging%20you%20but-DPmyDrC8wgFS9MO8NYFx\" target=\"_blank\" rel=\"noopener\">Onda Mx. \u00abMina Squalli-Houssa\u00efni\u00bb, By Verana Codina, May 29, 2023.<\/a><\/p>\n<p><a href=\"https:\/\/www.frieze.com\/article\/mexico-city-critics-guide-2023\" target=\"_blank\" rel=\"noopener\">Frieze.com \u00abWhat to See During Mexico City&#8217;s Art Week: Berenice Olmedo\u00bb, By Gaby Cepeda, February 9, 2023.<\/a><\/p>\n<p><a href=\"https:\/\/032c.com\/magazine\/the-failed-desires-index-tiny-skirts-and-bigger-belts\" target=\"_blank\" rel=\"noopener\">032c. \u00abAnna-Sophie Berger: The Failed Desires Index: Tiny Skirts and Bigger Belts\u00bb, By Claire Koron Elat, January 31, 2023.<\/a><\/p>\n<p><a href=\"https:\/\/www.contemporaryartdaily.com\/project\/anna-sophie-berger-at-lodos-mexico-city-26317\" target=\"_blank\" rel=\"noopener\">Contemporary Art Daily, \u00abAnna-Sophie Berger at Lodos\u00bb, January 11, 2023.<\/a><\/p>\n<p><a href=\"https:\/\/www.art-agenda.com\/criticism\/498933\/mexico-city-roundup\" target=\"_blank\" rel=\"noopener\">Art Agenda. \u00abMexico City Roundup: Emanuele Marcuccio Dream pop\u00bb, By Gaby Cepeda, October 25, 2022.<\/a><\/p>\n<p><a href=\"https:\/\/www.moussemagazine.it\/magazine\/emanuele-marcuccio-lodos-mexico-city-2022\/\">MousseMagazine.it \u00abEmanuele Marcuccio &#8216;Dream pop&#8217; at Lodos, Mexico City. October 13, 2022.<\/a><\/p>\n<p><a href=\"https:\/\/www.frieze.com\/article\/mexico-city-critics-guide-2022\" target=\"_blank\" rel=\"noopener\">Frieze.com. \u00abWhat to See During Mexico City&#8217;s Art Week: Sofia Berakha\u00bb, By Anna Goetz, February 9, 2022.<\/a><\/p>\n<p><a href=\"https:\/\/www.contemporaryartdaily.com\/project\/sala-jardin-bar-the-things-we-make-at-lodos-mexico-city-20110\" target=\"_blank\" rel=\"noopener\">Contemporary Art Daily, \u00bb sala-jard\u00edn-bar: The Things We Make at Lodos\u00bb, September 14, 2021.<\/a><\/p>\n<p><a href=\"https:\/\/www.contemporaryartdaily.com\/project\/sala-jardin-bar-i-believe-in-god-only-i-call-it-nature-at-lodos-mexico-city-19747\" target=\"_blank\" rel=\"noopener\">Contemporary Art Daily, \u00bb sala-jard\u00edn-bar: I Believe in God, Only I Call It Nature at Lodos\u00bb, August 14, 2021.<\/a><\/p>\n<p><a href=\"https:\/\/lodosgallery.info\/wp-content\/uploads\/2021\/06\/Samuel-Guerrero_Spike-68-patriarchy1-dragged.pdf\" target=\"_blank\" rel=\"noopener\">Spike Art Magazine, \u00abViews: Work, Friendship, Party: Samuel Guerrero at Lodos\u00bb By Gaby Cepeda, #68, Patriarchy, Summer 2021.<\/a><\/p>\n<p><a href=\"https:\/\/contemporaryartdaily.com\/2020\/09\/cuerpos-at-lodos\/\">Contemporary Art Daily, \u00abCuerpos at Lodos\u00bb, September 30, 2020.<\/a><\/p>\n<p><a href=\"https:\/\/www.art-agenda.com\/features\/319866\/mexico-city-roundup\" target=\"_blank\" rel=\"noopener\">Art Agenda, \u00abMexico City roundup\u00bb, By Terence Trouillot, February 27, 2020.<\/a><\/p>\n<p><a href=\"https:\/\/www.theartnewspaper.com\/news\/mexico-city-s-galleries-overcome-growing-pains-as-the-city-s-art-scene-booms\" target=\"_blank\" rel=\"noopener\">The Art Newspaper, \u00abMexico City&#8217;s galleries overcome growing pains as the city&#8217;s art scene booms\u00bb, By Paul Biasco, February 6, 2020.<\/a><\/p>\n<p><a href=\"http:\/\/moussemagazine.it\/berenice-olmedo-anna-goetz-2020\/\" target=\"_blank\" rel=\"noopener\">Mousse Magazine, \u00abAbout the Distinction between Crutches and Chains: Berenice Olmedo\u00bb, By Anna Goetz, Mousse 70 Winter 2020.<\/a><\/p>\n<p><a href=\"http:\/\/relievecontemporaneo.com\/berenice-olmedo-en-lodos\/\" target=\"_blank\" rel=\"noopener\">Relieve Contempor\u00e1neo, \u00abBerenice Olmedo en Lodos\u00bb, January, 2020.<\/a><\/p>\n<p><a href=\"https:\/\/lodosgallery.info\/wp-content\/uploads\/2019\/12\/AV-Arte-Galeri\u0301as.pdf\" target=\"_blank\" rel=\"noopener\">Vogue M\u00e9xico, \u00abTerritorio en ebullici\u00f3n\u00bb, December 2019.<\/a><\/p>\n<p><a href=\"https:\/\/lareviewofbooks.org\/#featuredArtistSection\" target=\"_blank\" rel=\"noopener\">The Los Angeles Review of Books, \u00abBuildings\u00bb, September, 2019.<\/a><\/p>\n<p><a href=\"http:\/\/www.contemporaryartdaily.com\/2019\/09\/buildings-at-lodos\/\" target=\"_blank\" rel=\"noopener\">Contemporary Art Daily, \u00abBuildings at Lodos\u00bb, September 6, 2019.<\/a><\/p>\n<p><a href=\"https:\/\/frieze.com\/article\/shows-see-mexico-city-during-gallery-weekend\" target=\"_blank\" rel=\"noopener\">Frieze, \u00abThe Shows to See in Mexico City During Gallery Weekend: Buildings\u00bb, By Magal\u00ed Arriola, September 5, 2019.<\/a><\/p>\n<p><a href=\"https:\/\/www.proceso.com.mx\/597101\/construcciones-en-la-galeria-lodos\" target=\"_blank\" rel=\"noopener\">Proceso, \u00abConstrucciones, en la Galer\u00eda Lodos\u00bb, By Blanca Gonz\u00e1lez Rosas, August 25, 2019.<\/a><\/p>\n<p><a href=\"https:\/\/www.artforum.com\/picks\/rosa-aiello-80111\" target=\"_blank\" rel=\"noopener\">Artforum, \u00abCritic&#8217;s Pick Rosa Aiello at Lodos\u00bb, By Hiji Nam, June 2019.\u00a0<\/a><\/p>\n<p><a href=\"http:\/\/www.contemporaryartdaily.com\/2019\/06\/rosa-aiello-at-lodos\/\" target=\"_blank\" rel=\"noopener\">Contemporary Art Daily, \u00abRosa Aiello at Lodos\u00bb, June 15, 2019.<\/a><\/p>\n<p><a href=\"https:\/\/reportaje.report\/seduction\/\" target=\"_blank\" rel=\"noopener\">Reportaje, \u00abSeduction\u00bb (Rosa Aiello), By Jacob Wick, May 22, 2019.<\/a><\/p>\n<p><a href=\"https:\/\/www.latempestad.mx\/arte-mexico-2018\/\" target=\"_blank\" rel=\"noopener\">LaTempestad.mx, \u00abPresente de las artes en M\u00e9xico&#8230;Nuevo manifiesto de cine mexicano\u00bb, December 11, 2018.<\/a><\/p>\n<p><a href=\"https:\/\/local.mx\/cultura\/arte\/la-exposicion-en-pedacitos-que-presenta-40-artistas-hasta-enero-en-lodos\/\">Local, \u00abLa exposici\u00f3n en pedacitos&#8230;\u00bb, October 22, 2018.<\/a><\/p>\n<p><a href=\"https:\/\/lodosgallery.info\/wordpress\/wp-content\/uploads\/2018\/12\/Elsa-Louise.pdf\">Frieze Magazine, \u00abElsa-Louise Manceaux Review\u00bb, October Issue, 2018.<\/a><\/p>\n<p><a href=\"http:\/\/www.artnews.com\/2018\/06\/27\/stranger-things-ghostly-fog-mysticism-hangs-exhibitions-around-mexico-city\/\">ARTnews, \u00abStranger Things: A Ghostly Fog of Mysticism&#8230;\u00bb By Gaby Cepeda, June 27, 2018.<\/a><\/p>\n<p><a href=\"http:\/\/www.dnamag.mx\/desiluminaciones-elsa-louise-manceaux-en-lodos\/\">DNA Magazine, \u00abDesiluminaciones\u00bb By Susana Vargas, June 1, 2018.<\/a><\/p>\n<p><a href=\"https:\/\/lodosgallery.info\/wp-content\/uploads\/2018\/12\/portada-1.pdf\" target=\"_blank\" rel=\"noopener\">Excelsior, \u00abLa pintura <em>desiluminada\u00bb, <\/em>By Sonia \u00c1vila, May 29, 2018.<\/a><\/p>\n<p><a href=\"http:\/\/www.artwritingdaily.com\/2018\/03\/oa4s-at-lodos.html\">Contemporary Art Writing Daily, \u00abOa4s at Lodos\u00bb, March 21, 2018<\/a><\/p>\n<p><a href=\"http:\/\/www.contemporaryartdaily.com\/2018\/03\/oa4s-at-lodos\/\">Contemporary Art Daily, \u00abOa4s at Lodos\u00bb, March 21, 2018.<\/a><\/p>\n<p><a href=\"https:\/\/elephant.art\/elephant-mexico-city\/\">Elephant, \u00abAn Elephant in Mexico City\u00bb, By Devon Van Houten-Maldonado, February 11, 2018.<\/a><\/p>\n<p><a href=\"https:\/\/frieze.com\/article\/critics-guide-mexico-city-2\">Frieze.com, \u00bb Critic&#8217;s Guide: Mexico City, Oa4s\u00bb, By Magal\u00ed Ariola, February 7, 2018.<\/a><\/p>\n<p><a href=\"https:\/\/frieze.com\/article\/looking-back-2017-europe-and-beyond\">Frieze.com, \u00abLooking Back 2017: Europe and Beyond\u00bb, By Samuel Leuenberger, December 7, 2017.<\/a><\/p>\n<p><a href=\"http:\/\/www.elfinanciero.com.mx\/opinion\/de-como-contar-una-historia.html\">El Financiero, \u00abDe c\u00f3mo contar una historia\u00bb, By Patricia Mart\u00edn, October 26, 2017.<\/a><\/p>\n<p><a href=\"http:\/\/moussemagazine.it\/lewis-teague-wright-urchin-lodos-mexico-city-2017\/\">MousseMagazine.it, \u00abLewis Teague Wright, Urchin\u00bb, July 31, 2017.<\/a><\/p>\n<p><a href=\"http:\/\/thisistomorrow.info\/articles\/kasia-fudakowski-bad-basket\">this is tomorrow, \u00abKasia Fudakowski: Bad Basket&#8217;, By Henry Osman, March, 17, 2017.<\/a><\/p>\n<p><a href=\"http:\/\/moussemagazine.it\/kasia-fudakowski-bad-basket-at-lodos-mexico-city-2017\/\">MousseMagazine.it, \u00abKasia Fudakowski, BAD BASKET.\u00bb, March 15, 2017.<\/a><\/p>\n<p><a href=\"https:\/\/lodosgallery.info\/wp-content\/uploads\/2018\/12\/artforum_201703.pdf\" target=\"_blank\" rel=\"noopener\">Artforum International Magazine, \u00abMexico City Reviews, Se nos cay\u00f3 el teatro.\u00bb By Anna Goetz, March 2017.<\/a><\/p>\n<p><a href=\"http:\/\/www.artspace.com\/magazine\/interviews_features\/art-fairs\/dealers-arent-afraid-to-show-video-art-and-lots-of-it-at-material-art-fair-2017-54608?fair_id=13\">Artspace.com, \u00bb Video Art Reigns at Mexico City&#8217;s Material Art Fair 2017&#8243;, By Loney Abrams, Feb. 12, 2017.<\/a><\/p>\n<p><a href=\"http:\/\/www.elfinanciero.com.mx\/opinion\/una-corcholata-un-triciclo-rosa-y-unas-crepas.html\">El Financiero, \u00abUna corcholata, un triciclo rosa y unas crepas\u00bb, By Patricia Mart\u00edn, January 12, 2017.<\/a><\/p>\n<p><a href=\"http:\/\/www.ofluxo.net\/micahel-debatty-and-noah-barker-presented-by-exo-exo-and-lodos\/\">O Fluxo, \u00abMichael Debatty and Noah Barker presented by Exo Exo and Lodos\u00bb, June, 2016.<\/a><\/p>\n<p><a href=\"http:\/\/hyperallergic.com\/286623\/finding-a-spiritual-haven-in-digital-culture\/\">Hyperallergic, \u00abFinding a Spiritual Haven in Digital Culture\u00bb, By Devon Van Houten Maldonado, March 30, 2016.<\/a><\/p>\n<p><a href=\"http:\/\/moussemagazine.it\/korakrit-arunanondchai-lodos-galley-2016\/#more-74935\">MousseMagazine.it, \u00abKorakrit Arunanondchai &#8216;Dear Chantri,..&#8217; at Lodos\u00bb, March 20, 2016.<\/a><\/p>\n<p><a href=\"http:\/\/www.nytimes.com\/2016\/03\/12\/arts\/international\/art-scene-thrives-on-the-edges-in-mexico-city.html\">The New York Times, \u00abArt Scene Thrives on the Edges in Mexico City\u00bb By Elisabeth Malkin, March 11, 2016.<\/a><\/p>\n<p><a href=\"http:\/\/www.excelsior.com.mx\/periodico\/flip-expresiones\/03-03-2016\/portada.pdf\">Excelsior, \u00abArtista visto como dron\u00bb By Sandra S\u00e1nchez, March, 3, 2016.<\/a><\/p>\n<p><a href=\"http:\/\/thisistomorrow.info\/articles\/korakrit-arunanondchai-1\">this is tomorrow, \u00abKorakrit Arunanondchai\u00bb February 28, 2016.<\/a><\/p>\n<p><a href=\"https:\/\/frieze.com\/article\/critics-guide-mexico-city\">Frieze.com, \u00abCritics guide: Mexico City, Korkakrit Arunanondchai\u00bb By Evan Moffit, February 26, 2016.<\/a><\/p>\n<p><a href=\"http:\/\/www.aqnb.com\/2016\/02\/25\/material-art-fair-2016-reviewed\/\">aqnb.com. \u00abMaterial Art Fair 2016 Reviewed\u00bb February 25, 2016.<\/a><\/p>\n<p><a href=\"http:\/\/www.aqnb.com\/2016\/02\/23\/on-some-future-2015-lodos-gallery-exhibition-photos\/\">aqnb.com, \u00abPleasing Suspension : Dave Miko, On some future\u00bb February 23, 2016.<\/a><\/p>\n<p><a href=\"http:\/\/www.artnews.com\/2016\/01\/21\/water-from-the-nile-at-lodos-gallery-mexico-city\/\">Art News, \u00ab<em>Water from the Nile <\/em>at Lodos Gallery\u00bb, January 26, 2016.<\/a><\/p>\n<p><a href=\"http:\/\/terremoto.mx\/art-basel-miami-beach-art-week-2015\/\">Terremoto, \u00abArt Basel Miami Beach Art Week 2015\u00bb By Doroth\u00e9e Dupuis, December 16, 2015.<\/a><\/p>\n<p><a href=\"http:\/\/www.everythingsolid.org\/mexico\/?author=565b5cf6e4b0702d38021c46\">Everything Solid, \u00abA Mexican Opaque\u00bb By Christian Camacho, December 10, 2015.<\/a><\/p>\n<p><a href=\"http:\/\/www.nylon.com\/articles\/top-ten-artists-nada-2015\/page-8\">Nylon, \u00ab10 artists that thrilled us at NADA Miami Beach\u00bb By Ella Plevin, December 10, 2015.<\/a><\/p>\n<p><a href=\"http:\/\/www.flashartonline.com\/2015\/12\/francisco-cordero-oceguera-on-lodos-mexico-city\/\">Flash Art International, \u00abFrancisco Cordero-Oceguera on Lodos Mexico City\u00bb By Claudio Iglesias, no 305.<\/a><\/p>\n<p><a href=\"http:\/\/www.dazeddigital.com\/artsandculture\/article\/28707\/1\/the-artists-bringing-the-heat-to-art-basel-miami\">Dazed, \u00abThe artists bringing the heat to Art Basel Miami\u00bb By Nick Hackworth, December 3, 2015.<\/a><\/p>\n<p><a href=\"http:\/\/www.excelsior.com.mx\/expresiones\/2015\/10\/13\/1050844\">Excelsior, \u00abDave Miko, En alg\u00fan futuro\u00bb By Sandra S\u00e1nchez, October 13, 2015.<\/a><\/p>\n<p>Spike Art Quarterly, \u00abViews: k.i.b and The Shabaka Stone\u00bb By Chris Sharp, #45 Autumn 2015.<\/p>\n<p><a href=\"http:\/\/www.flashartonline.com\/2015\/07\/scott-reeder-cameron-rowland-liam-gillick-lodos-mexico-city\/\">Flash Art International, \u00abInternational Currency\u00bb By Doroth\u00e9e Dupuis, July 24, 2015.<\/a><\/p>\n<p><a href=\"http:\/\/badatsports.com\/2015\/economies-of-resignation\/\">Bad at Sports, \u00abEconomies of Resignation\u00bb By Jacob Wick, June 19, 2015.<\/a><\/p>\n<p><a href=\"http:\/\/thisistomorrow.info\/articles\/international-currency\">this is tomorrow, \u00abInternational Currency, Mexico City\u00bb May 24, 2015.<\/a><\/p>\n<p><a href=\"http:\/\/hotbook.com.mx\/francisco-cordero-ocegueda\/\">Hotbook, \u00abLodos: entrevista a Francisco Cordero-Oceguera\u00bb By Carla Fern\u00e1ndez, March 2015.<\/a><\/p>\n<p><a href=\"http:\/\/tankmagazine.com\/issue-62\/features\/curated-pages\">TANK Magazine, \u00abCurated pages.\u00bb By Gabriela J\u00e1uregui, Volume 8, Issue 3, 2015.<\/a><\/p>\n<p><a href=\"https:\/\/lodosgallery.info\/wp-content\/uploads\/2018\/12\/Animal-Allegra.pdf\" target=\"_blank\" rel=\"noopener\">Animal, \u00abLodos\u00bb By Allegra Cordero di Montezemolo, Numero 17, Primavera 2015.<\/a><\/p>\n<p><a href=\"http:\/\/www.aqnb.com\/2015\/02\/04\/kevin-gallagher-lodos-gallery-feb-6-mar-21\/\">aqnb, \u00abLocate the horror\u00bb, February 4, 2015.<\/a><\/p>\n<p><a href=\"http:\/\/artviewer.org\/future-archives-at-lodos\/\">Art Viewer, \u00abFuture Archives at Lodos\u00bb, December 29, 2014.<\/a><\/p>\n<p><a href=\"https:\/\/i-d.vice.com\/es_mx\/article\/lodos-y-el-arte-del-dialogo-unico\">i-D, \u00ablodos y el arte del di\u00e1logo \u00fanico.\u00bb By Cheryl Santos, December 26, 2014.<\/a><\/p>\n<p><a href=\"http:\/\/artviewer.org\/yesterday-at-lodos\/\">Art Viewer, \u00abYesterday at Lodos\u00bb, December 24, 2014.<\/a><\/p>\n<p><a href=\"https:\/\/lodosgallery.info\/wp-content\/uploads\/2018\/12\/FlashArtReview.pdf\" target=\"_blank\" rel=\"noopener\">Flash Art International, \u00abRenaud Jerez, lodos\/Mexico City\u00bb By Attilia Fattori Franchini, November\/December, 2014.<\/a><\/p>\n<p><a href=\"http:\/\/www.revistacodigo.com\/diez-espacios-de-arte-independientes-en-la-ciudad-de-mexico\/\">Revista C\u00f3digo, \u00abDiez espacios de arte independientes en la ciudad de M\u00e9xico\u00bb November 20, 2014.<\/a><\/p>\n<p><a href=\"http:\/\/cultura.elpais.com\/cultura\/2014\/10\/15\/babelia\/1413392990_634569.html\">El Pa\u00eds, Babelia, \u00abArte mexicano en erupci\u00f3n.\u00bb By Pablo De Llano, October 18, 2014.<\/a><\/p>\n<p><a href=\"http:\/\/moussemagazine.it\/renaud-jerez-lodos-2014\/\">MousseMagazine.it, \u00abRenaud Jerez \u201cYesterday\u201d at Lodos, Mexico City.\u00bb October 4, 2014.<\/a><\/p>\n<p><a href=\"http:\/\/www.aqnb.com\/2014\/08\/28\/renaud-jerez-lodos-gallery-aug-29\/\">aqnb, \u00abThe contemporary vanit\u00e9.\u00bb August 28, 2014.<\/a><\/p>\n<p><a href=\"http:\/\/www.aqnb.com\/2014\/08\/13\/oa4s-catalogue-release-lodos-gallery-aug-14\/\">aqnb, \u00abA footprint tells nothing at all of its foot.\u00bb August 13, 2014.<\/a><\/p>\n<p><a href=\"http:\/\/kaleidoscope-press.com\/2014\/07\/stop-bysan-rafael-mexico-city\/\">Kaleidoscope, \u00abStop By, San Rafael Mexico City.\u00bb By Doroth\u00e9e Dupuis, July 15, 2014.<\/a><\/p>\n<p><a href=\"http:\/\/www.revistacodigo.com\/colectivos-artisticos-en-la-ciudad-de-mexico-un-panorama\/\">C\u00f3digo, \u00abColectivos art\u00edsticos en la ciudad de M\u00e9xico: un panorama.\u00bb By Viviana Mart\u00ednez, June 19, 2014.<\/a><\/p>\n<p><a href=\"http:\/\/letrasexplicitas.com\/de-perrito-sale-la-jirafa\/\">Letras Expl\u00edcitas, \u00abDe perrito sale la jirafa. Special Features, Oa4s.\u00bb By Daniel Aguilar Ruvalcalba, May 26, 2014.<\/a><\/p>\n<p><a href=\"http:\/\/www.aqnb.com\/2014\/05\/21\/oa4s-special-features-lodos-may-22-jul-20\/\">aqnb, \u00abSigh some sand away.\u00bb May 21, 2014.<\/a><\/p>\n<p><a href=\"http:\/\/www.cain.mx\/C4\/7.html\">Ca\u00edn, \u00abUSB&#8217;s Varios artistas.\u00bb By Brenda J. Caro Cocotle, May-June, 2014.<\/a><\/p>\n<p><a href=\"https:\/\/lodosgallery.info\/wp-content\/uploads\/2018\/12\/metropolismbw.pdf\" target=\"_blank\" rel=\"noopener\">Metropolis M, \u00abOnafhankelijk Mexico.\u00bb By Irene De Craen, April-May, 2014.<\/a><\/p>\n<p>L&#8217;Officiel Art, \u00abArt et syst\u00e9me d \u00e1 Mexico.\u00bb By Franklin Melendez., March, April, May, 2014.<\/p>\n<p><a href=\"http:\/\/terremoto.mx\/Jason-Benson-Joel-Dean-en-Lodos-Contemporary-Ciudad-de-Mexico-Mexico\">Terremoto.mx, \u00abAnother Name For Liar featured.\u00bb March, 2014.<\/a><\/p>\n<p><a href=\"http:\/\/badatsports.com\/2014\/edition-24-mexico-df\/\">Bad at Sports, \u00abWhat&#8217;s the T? Edition #24- M\u00e9xico, DF.\u00bb by Dana B., February 17, 2014.<\/a><\/p>\n<p><a href=\"http:\/\/www.aqnb.com\/2014\/02\/14\/are-you-thinking-about-atlantis-parallel-oaxaca-feb-14\/\">aqnb, \u00abAre You Thinking About Atlantis?: Waterworld\u00bb February 14, 2014.<\/a><\/p>\n<p><a href=\"http:\/\/bpigs.com\/diaries\/reviews\/material-art-fair-2014\">Bpigs, \u00abMaterial Art Fair 2014.\u00bb by D\u00e9bora Delmar, February 13, 2014.<\/a><\/p>\n<p><a href=\"http:\/\/fantasticocotidiano.com\/lodos-contemporaneo-en-materialfair\/\">Fant\u00e1stico Cotidiano, \u00abLodos Contempor\u00e1neo in Material Fair.\u00bb February 7, 2014.<\/a><\/p>\n<p><a href=\"http:\/\/societeperrier.com\/mexico\/articles\/mexico-city\/siete-proyectos-que-no-te-puedes-perder-en-material-art-fair\/#.UwLNAEJdVqs\">SocietePerrier.com, \u00bb 5 Projects Not To Miss During Material Art Fair.\u00bb February 5, 2014.<\/a><\/p>\n<p><a href=\"http:\/\/www.excelsior.com.mx\/expresiones\/2014\/02\/03\/941737\">Excelsior, \u00abExtendien Feria de Arte en la capital del pa\u00eds.\u00bb February 2, 2014.<\/a><\/p>\n<p><a href=\"http:\/\/societeperrier.com\/mexico\/articles\/mexico-city\/material-art-fair-los-5-eventos-que-no-te-puedes-perder\/#.UwLN40JdVqs\">SocietePerrier.com, \u00bb Daniela Elbahara&#8217;s 5 Recommendations.\u00bb January 30, 2014.<\/a><\/p>\n<p><a href=\"http:\/\/terremoto.mx\/Alongside-en-Lodos-Contemporaneo-Ciudad-de-Mexico-Mexico\">Terremoto.mx, \u00abAlongside::D,A,K,A feature.\u00bb January 13, 2014.<\/a><\/p>\n<p><a href=\"http:\/\/glasstire.com\/2013\/12\/10\/mexico-city-por-primera-vez\/\">Glasstire, \u00abMexico City&#8230;por primera vez.\u00bb by Lauren Moya Ford, December 10, 2013.<\/a><\/p>\n<p><a href=\"http:\/\/badatsports.com\/2013\/edition-10\/\">Bad at Sports, \u00abWhat&#8217;s the T? by Dana B\u00bb, May 28, 2013.<\/a><\/p>\n<p><a href=\"http:\/\/chicagoartistwriters.blogspot.mx\/2013\/02\/kirk-faber-at-lodos-contemporaneo.html\">Chicago Artist Writers, \u00abKirk Faber&#8217;s Paintings reviewed\u00bb, by Jais Gossman. February 21, 2013.<\/a><\/p>\n<p><a href=\"http:\/\/art.newcity.com\/2013\/01\/22\/review-heavy-pettingslodos-contemporaneo\/\">NewCity Art, \u00abAnnie Bielski &amp; Molly Welsh reviewed\u00bb. by Sofia Leiby. January 22, 2013.<\/a><\/p>\n\n\n<p><\/p>\n\n\n\n<p><\/p>","protected":false},"excerpt":{"rendered":"<p>Disculpa, pero esta entrada est\u00e1 disponible s\u00f3lo en En. For the sake of viewer convenience, the content is shown below in the alternative language. You may click the link to switch the active language. Impulse Magazine, \u00abRam\u00f3n Saturnino: Aqu\u00ed no es as\u00ed\u00bb, By Lodoe Laura, April 22, 2025. Contemporary Art Daily, \u00abSamuel Guerrero at Lodos\u00bb, [&hellip;]<\/p>\n","protected":false},"author":1,"featured_media":0,"parent":0,"menu_order":0,"comment_status":"closed","ping_status":"closed","template":"","meta":{"footnotes":""},"class_list":["post-8","page","type-page","status-publish","hentry"],"_links":{"self":[{"href":"https:\/\/lodosgallery.info\/es\/wp-json\/wp\/v2\/pages\/8","targetHints":{"allow":["GET"]}}],"collection":[{"href":"https:\/\/lodosgallery.info\/es\/wp-json\/wp\/v2\/pages"}],"about":[{"href":"https:\/\/lodosgallery.info\/es\/wp-json\/wp\/v2\/types\/page"}],"author":[{"embeddable":true,"href":"https:\/\/lodosgallery.info\/es\/wp-json\/wp\/v2\/users\/1"}],"replies":[{"embeddable":true,"href":"https:\/\/lodosgallery.info\/es\/wp-json\/wp\/v2\/comments?post=8"}],"version-history":[{"count":5,"href":"https:\/\/lodosgallery.info\/es\/wp-json\/wp\/v2\/pages\/8\/revisions"}],"predecessor-version":[{"id":3288,"href":"https:\/\/lodosgallery.info\/es\/wp-json\/wp\/v2\/pages\/8\/revisions\/3288"}],"wp:attachment":[{"href":"https:\/\/lodosgallery.info\/es\/wp-json\/wp\/v2\/media?parent=8"}],"curies":[{"name":"wp","href":"https:\/\/api.w.org\/{rel}","templated":true}]}}