{"id":7,"date":"2018-12-06T04:09:19","date_gmt":"2018-12-06T04:09:19","guid":{"rendered":"http:\/\/lodosgallery.info\/wordpress\/index.php\/about\/"},"modified":"2025-12-18T19:10:33","modified_gmt":"2025-12-18T19:10:33","slug":"about","status":"publish","type":"page","link":"https:\/\/lodosgallery.info\/es\/about\/","title":{"rendered":"Contacto"},"content":{"rendered":"<p>La galer\u00eda es una iniciativa que habla de ideas de colectividad y propuestas potenciales a trav\u00e9s de la producci\u00f3n art\u00edstica.<\/p>","protected":false},"excerpt":{"rendered":"<p>La galer\u00eda es una iniciativa que habla de ideas de colectividad y propuestas potenciales a trav\u00e9s de la producci\u00f3n art\u00edstica.<\/p>\n","protected":false},"author":1,"featured_media":0,"parent":0,"menu_order":0,"comment_status":"closed","ping_status":"closed","template":"","meta":{"footnotes":""},"class_list":["post-7","page","type-page","status-publish","hentry"],"_links":{"self":[{"href":"https:\/\/lodosgallery.info\/es\/wp-json\/wp\/v2\/pages\/7","targetHints":{"allow":["GET"]}}],"collection":[{"href":"https:\/\/lodosgallery.info\/es\/wp-json\/wp\/v2\/pages"}],"about":[{"href":"https:\/\/lodosgallery.info\/es\/wp-json\/wp\/v2\/types\/page"}],"author":[{"embeddable":true,"href":"https:\/\/lodosgallery.info\/es\/wp-json\/wp\/v2\/users\/1"}],"replies":[{"embeddable":true,"href":"https:\/\/lodosgallery.info\/es\/wp-json\/wp\/v2\/comments?post=7"}],"version-history":[{"count":5,"href":"https:\/\/lodosgallery.info\/es\/wp-json\/wp\/v2\/pages\/7\/revisions"}],"predecessor-version":[{"id":3459,"href":"https:\/\/lodosgallery.info\/es\/wp-json\/wp\/v2\/pages\/7\/revisions\/3459"}],"wp:attachment":[{"href":"https:\/\/lodosgallery.info\/es\/wp-json\/wp\/v2\/media?parent=7"}],"curies":[{"name":"wp","href":"https:\/\/api.w.org\/{rel}","templated":true}]}}